{"id":1055,"date":"2017-09-28T21:52:11","date_gmt":"2017-09-28T19:52:11","guid":{"rendered":"http:\/\/www.aipe78114.org\/?page_id=1055"},"modified":"2026-04-09T14:41:34","modified_gmt":"2026-04-09T12:41:34","slug":"andre-gide-maternelle","status":"publish","type":"page","link":"https:\/\/aipe78114.org\/?page_id=1055","title":{"rendered":"Andr\u00e9 Gide Maternelle"},"content":{"rendered":"\n<div class=\"wp-block-group alignfull has-global-padding is-layout-constrained wp-container-core-group-is-layout-c7a42c40 wp-block-group-is-layout-constrained\" style=\"margin-top:0;margin-bottom:0;padding-top:var(--wp--preset--spacing--20);padding-right:var(--wp--preset--spacing--50);padding-bottom:var(--wp--preset--spacing--20);padding-left:var(--wp--preset--spacing--50)\">\n<div class=\"wp-block-columns alignwide are-vertically-aligned-center is-layout-flex wp-container-core-columns-is-layout-47c06fe3 wp-block-columns-is-layout-flex\">\n<div class=\"wp-block-column is-vertically-aligned-center is-layout-flow wp-block-column-is-layout-flow\" style=\"flex-basis:50%\">\n<h2 class=\"wp-block-heading is-style-default has-base-2-color has-text-color has-background has-link-color has-xx-large-font-size wp-elements-456590119c49b86b75df6d93321550f1\" style=\"background:linear-gradient(135deg,rgb(55,198,210) 0%,rgb(55,198,210) 100%);padding-top:0;padding-right:var(--wp--preset--spacing--30);padding-bottom:0;padding-left:var(--wp--preset--spacing--30)\">Ecole Maternelle <strong>Andr\u00e9 GIDE<\/strong><\/h2>\n\n\n\n<p class=\"has-medium-font-size\">Directrice<strong> <\/strong>:&nbsp;&nbsp;Mme Magali Lavergne<\/p>\n\n\n\n<p>Adresse : avenue d&rsquo;Aigrefoin, 78114 MAGNY-LES-HAMEAUX<\/p>\n\n\n\n<p>T\u00e9l\u00e9phone : 01 30 52 95 88<\/p>\n\n\n\n<p>Nombre de classes : 4<\/p>\n\n\n\n<div style=\"height:var(--wp--preset--spacing--10)\" aria-hidden=\"true\" class=\"wp-block-spacer\"><\/div>\n\n\n\n<p class=\"has-contrast-color has-text-color has-link-color has-medium-font-size wp-elements-19da3fed27f154564493051167bef77c\" style=\"margin-top:0;margin-bottom:0\"><a href=\"https:\/\/ec-gide-magny-les-hameaux.ac-versailles.fr\"><strong>Site internet de l&rsquo;\u00e9cole<\/strong><\/a><\/p>\n\n\n\n<p><a href=\"http:\/\/blog.ac-versailles.fr\/classevertematgide\/\">Blog de la classe verte<\/a><\/p>\n<\/div>\n\n\n\n<div class=\"wp-block-column is-layout-flow wp-block-column-is-layout-flow\" style=\"flex-basis:50%\">\n<figure class=\"wp-block-image size-full has-custom-border is-style-default wp-duotone-unset-1\"><img loading=\"lazy\" decoding=\"async\" width=\"802\" height=\"601\" src=\"http:\/\/aipe78114.org\/wp-content\/uploads\/2014\/10\/AGIDE_COUR-e1721296706188.jpg\" alt=\"\" class=\"wp-image-289\" style=\"border-style:none;border-width:0px\" srcset=\"https:\/\/aipe78114.org\/wp-content\/uploads\/2014\/10\/AGIDE_COUR-e1721296706188.jpg 802w, https:\/\/aipe78114.org\/wp-content\/uploads\/2014\/10\/AGIDE_COUR-e1721296706188-300x225.jpg 300w, https:\/\/aipe78114.org\/wp-content\/uploads\/2014\/10\/AGIDE_COUR-e1721296706188-768x576.jpg 768w\" sizes=\"auto, (max-width: 802px) 100vw, 802px\" \/><\/figure>\n<\/div>\n<\/div>\n<\/div>\n\n\n\n<div class=\"wp-block-group alignfull has-base-2-background-color has-background has-global-padding is-content-justification-center is-layout-constrained wp-container-core-group-is-layout-6230a03f wp-block-group-is-layout-constrained\" style=\"margin-top:0;margin-bottom:0;padding-top:var(--wp--preset--spacing--20);padding-right:var(--wp--preset--spacing--50);padding-bottom:var(--wp--preset--spacing--20);padding-left:var(--wp--preset--spacing--50)\">\n<div class=\"wp-block-columns alignwide are-vertically-aligned-center is-layout-flex wp-container-core-columns-is-layout-47c06fe3 wp-block-columns-is-layout-flex\">\n<div class=\"wp-block-column is-vertically-aligned-center is-layout-flow wp-block-column-is-layout-flow\" style=\"flex-basis:50%\">\n<p class=\"has-large-font-size\"><strong>Rencontrez notre \u00e9quipe :<\/strong><\/p>\n\n\n\n<p style=\"padding-top:var(--wp--preset--spacing--10);padding-bottom:var(--wp--preset--spacing--10)\">Profession de foi<\/p>\n\n\n\n<p class=\"has-text-align-left has-text-color has-link-color wp-elements-0d0d14bdf0a8baba1a22960fb73eeba5\" style=\"color:#37c6d2\"><strong>Nous contacter :&nbsp;<a href=\"mailto:aipe.gide.maternelle@gmail.com\">aipe.gide.maternelle<\/a><\/strong><strong><a href=\"mailto:aipe.gide.maternelle@gmail.com\">@gmail.com<\/a><\/strong><\/p>\n<\/div>\n\n\n\n<div class=\"wp-block-column is-layout-flow wp-block-column-is-layout-flow\" style=\"flex-basis:50%\">\n<div class=\"wp-block-columns alignwide is-layout-flex wp-container-core-columns-is-layout-4935966c wp-block-columns-is-layout-flex\" style=\"padding-right:0;padding-left:0\">\n<div class=\"wp-block-column is-layout-flow wp-block-column-is-layout-flow\">\n<div style=\"height:10px\" aria-hidden=\"true\" class=\"wp-block-spacer\"><\/div>\n\n\n\n<div class=\"wp-block-group is-vertical is-content-justification-center is-nowrap is-layout-flex wp-container-core-group-is-layout-21d4e958 wp-block-group-is-layout-flex\">\n<p class=\"has-text-align-center has-medium-font-size\"><\/p>\n\n\n\n<p class=\"has-text-align-center has-small-font-size\">Parent titulaire (*t\u00eate de liste)<\/p>\n<\/div>\n\n\n\n<div style=\"height:10px\" aria-hidden=\"true\" class=\"wp-block-spacer\"><\/div>\n\n\n\n<div class=\"wp-block-group is-vertical is-content-justification-center is-nowrap is-layout-flex wp-container-core-group-is-layout-63bfd6c1 wp-block-group-is-layout-flex\">\n<p class=\"has-text-align-center has-medium-font-size\"><\/p>\n\n\n\n<p class=\"has-text-align-center has-small-font-size\">Parent titulaire<\/p>\n<\/div>\n<\/div>\n\n\n\n<div class=\"wp-block-column is-layout-flow wp-block-column-is-layout-flow\">\n<div style=\"height:10px\" aria-hidden=\"true\" class=\"wp-block-spacer\"><\/div>\n\n\n\n<div class=\"wp-block-group is-vertical is-content-justification-center is-nowrap is-layout-flex wp-container-core-group-is-layout-63bfd6c1 wp-block-group-is-layout-flex\">\n<p class=\"has-text-align-center has-medium-font-size\"><\/p>\n\n\n\n<p class=\"has-text-align-center has-small-font-size\">Parent suppl\u00e9ant<\/p>\n<\/div>\n\n\n\n<div style=\"height:10px\" aria-hidden=\"true\" class=\"wp-block-spacer\"><\/div>\n\n\n\n<div class=\"wp-block-group is-vertical is-content-justification-center is-nowrap is-layout-flex wp-container-core-group-is-layout-21d4e958 wp-block-group-is-layout-flex\">\n<p class=\"has-text-align-center has-medium-font-size\"><\/p>\n\n\n\n<p class=\"has-text-align-center has-small-font-size\">Parent suppl\u00e9ant<\/p>\n<\/div>\n<\/div>\n<\/div>\n<\/div>\n<\/div>\n<\/div>\n","protected":false},"excerpt":{"rendered":"<p>Ecole Maternelle Andr\u00e9 GIDE Directrice :&nbsp;&nbsp;Mme Magali Lavergne Adresse : avenue d&rsquo;Aigrefoin, 78114 MAGNY-LES-HAMEAUX T\u00e9l\u00e9phone : 01 30 52 95 88 Nombre de classes : 4 Site internet de l&rsquo;\u00e9cole Blog de la classe verte Rencontrez notre \u00e9quipe : Profession de foi Nous contacter :&nbsp;aipe.gide.maternelle@gmail.com Parent titulaire (*t\u00eate de liste) Parent titulaire Parent suppl\u00e9ant Parent [&hellip;]<\/p>\n","protected":false},"author":2,"featured_media":0,"parent":2754,"menu_order":0,"comment_status":"closed","ping_status":"closed","template":"","meta":{"footnotes":""},"class_list":["post-1055","page","type-page","status-publish","hentry"],"_links":{"self":[{"href":"https:\/\/aipe78114.org\/index.php?rest_route=\/wp\/v2\/pages\/1055","targetHints":{"allow":["GET"]}}],"collection":[{"href":"https:\/\/aipe78114.org\/index.php?rest_route=\/wp\/v2\/pages"}],"about":[{"href":"https:\/\/aipe78114.org\/index.php?rest_route=\/wp\/v2\/types\/page"}],"author":[{"embeddable":true,"href":"https:\/\/aipe78114.org\/index.php?rest_route=\/wp\/v2\/users\/2"}],"replies":[{"embeddable":true,"href":"https:\/\/aipe78114.org\/index.php?rest_route=%2Fwp%2Fv2%2Fcomments&post=1055"}],"version-history":[{"count":22,"href":"https:\/\/aipe78114.org\/index.php?rest_route=\/wp\/v2\/pages\/1055\/revisions"}],"predecessor-version":[{"id":3160,"href":"https:\/\/aipe78114.org\/index.php?rest_route=\/wp\/v2\/pages\/1055\/revisions\/3160"}],"up":[{"embeddable":true,"href":"https:\/\/aipe78114.org\/index.php?rest_route=\/wp\/v2\/pages\/2754"}],"wp:attachment":[{"href":"https:\/\/aipe78114.org\/index.php?rest_route=%2Fwp%2Fv2%2Fmedia&parent=1055"}],"curies":[{"name":"wp","href":"https:\/\/api.w.org\/{rel}","templated":true}]}}