{"id":1125,"date":"2017-10-06T21:18:11","date_gmt":"2017-10-06T19:18:11","guid":{"rendered":"http:\/\/www.aipe78114.org\/?page_id=1125"},"modified":"2026-04-09T15:02:33","modified_gmt":"2026-04-09T13:02:33","slug":"jean-baptiste-corot","status":"publish","type":"page","link":"https:\/\/aipe78114.org\/?page_id=1125","title":{"rendered":"Jean-Baptiste Corot"},"content":{"rendered":"\n<div class=\"wp-block-group alignfull has-global-padding is-content-justification-center is-layout-constrained wp-container-core-group-is-layout-6230a03f wp-block-group-is-layout-constrained\" style=\"margin-top:0;margin-bottom:0;padding-top:var(--wp--preset--spacing--20);padding-right:var(--wp--preset--spacing--50);padding-bottom:var(--wp--preset--spacing--20);padding-left:var(--wp--preset--spacing--50)\">\n<div class=\"wp-block-columns alignwide are-vertically-aligned-center is-layout-flex wp-container-core-columns-is-layout-47c06fe3 wp-block-columns-is-layout-flex\">\n<div class=\"wp-block-column is-vertically-aligned-center is-layout-flow wp-block-column-is-layout-flow\" style=\"flex-basis:50%\">\n<h2 class=\"wp-block-heading is-style-default has-base-2-color has-text-color has-background has-link-color has-xx-large-font-size wp-elements-45c6329703eac5dbc4dbb7f478d10463\" style=\"background-color:#37c6d2;padding-top:0;padding-right:var(--wp--preset--spacing--30);padding-bottom:0;padding-left:var(--wp--preset--spacing--30)\">Ecole Maternelle <strong>Jean-Baptiste COROT<\/strong><\/h2>\n\n\n\n<p class=\"has-medium-font-size\">Directrice<strong> <\/strong>:&nbsp;&nbsp;Mme Caroline COMPERE<\/p>\n\n\n\n<p>Adresse : 22 rue des \u00c9coles Jean Baudin, 78114 MAGNY-LES-HAMEAUX<\/p>\n\n\n\n<p>T\u00e9l\u00e9phone : 01 30 52 62 20<\/p>\n\n\n\n<p>Nombre de classes : 4<\/p>\n\n\n\n<div style=\"height:var(--wp--preset--spacing--10)\" aria-hidden=\"true\" class=\"wp-block-spacer\"><\/div>\n\n\n\n<p class=\"has-contrast-color has-text-color has-link-color has-medium-font-size wp-elements-1b9118533f4b0c3ebf972f49b6a6887f\" style=\"margin-top:0;margin-bottom:0\"><a href=\"https:\/\/mat-corot-magny.ac-versailles.fr\/\"><strong>Site internet de l&rsquo;\u00e9cole<\/strong><\/a><\/p>\n\n\n\n<p class=\"has-contrast-color has-text-color has-link-color has-medium-font-size wp-elements-6aad889618814dd26a5ea390db2ffa00\" style=\"margin-top:0;margin-bottom:0\"><a href=\"https:\/\/ecole.sy-numerique.fr\/\">Blog de la classe<\/a><\/p>\n<\/div>\n\n\n\n<div class=\"wp-block-column is-layout-flow wp-block-column-is-layout-flow\" style=\"flex-basis:50%\">\n<figure class=\"wp-block-image size-full is-resized has-custom-border is-style-default wp-duotone-unset-1\"><img loading=\"lazy\" decoding=\"async\" width=\"825\" height=\"400\" src=\"http:\/\/aipe78114.org\/wp-content\/uploads\/2024\/07\/capture_decran_2017-10-05_a_16.57.34.png\" alt=\"\" class=\"wp-image-2827\" style=\"border-style:none;border-width:0px;width:800px;height:auto\" srcset=\"https:\/\/aipe78114.org\/wp-content\/uploads\/2024\/07\/capture_decran_2017-10-05_a_16.57.34.png 825w, https:\/\/aipe78114.org\/wp-content\/uploads\/2024\/07\/capture_decran_2017-10-05_a_16.57.34-300x145.png 300w, https:\/\/aipe78114.org\/wp-content\/uploads\/2024\/07\/capture_decran_2017-10-05_a_16.57.34-768x372.png 768w\" sizes=\"auto, (max-width: 825px) 100vw, 825px\" \/><\/figure>\n<\/div>\n<\/div>\n<\/div>\n\n\n\n<div class=\"wp-block-group alignfull has-base-2-background-color has-background has-global-padding is-content-justification-center is-layout-constrained wp-container-core-group-is-layout-6230a03f wp-block-group-is-layout-constrained\" style=\"margin-top:0;margin-bottom:0;padding-top:var(--wp--preset--spacing--20);padding-right:var(--wp--preset--spacing--50);padding-bottom:var(--wp--preset--spacing--20);padding-left:var(--wp--preset--spacing--50)\">\n<div class=\"wp-block-columns alignwide are-vertically-aligned-center is-layout-flex wp-container-core-columns-is-layout-47c06fe3 wp-block-columns-is-layout-flex\">\n<div class=\"wp-block-column is-vertically-aligned-center is-layout-flow wp-block-column-is-layout-flow\" style=\"flex-basis:50%\">\n<p class=\"has-large-font-size\"><strong>Rencontrez notre \u00e9quipe :<\/strong><\/p>\n\n\n\n<p style=\"padding-top:var(--wp--preset--spacing--10);padding-bottom:var(--wp--preset--spacing--10)\">Profession de foi<\/p>\n\n\n\n<p class=\"has-text-align-left has-text-color has-link-color wp-elements-ebbd549b9cdf102b50bc9cd14d9be58c\" style=\"color:#37c6d2\"><strong>Nous contacter :&nbsp;<a href=\"mailto:aipe.gide.maternelle@gmail.com\">aipe.jb.corot@gmail.com<\/a><\/strong><\/p>\n<\/div>\n\n\n\n<div class=\"wp-block-column is-layout-flow wp-block-column-is-layout-flow\" style=\"flex-basis:50%\">\n<div class=\"wp-block-columns alignwide is-layout-flex wp-container-core-columns-is-layout-4935966c wp-block-columns-is-layout-flex\" style=\"padding-right:0;padding-left:0\">\n<div class=\"wp-block-column is-layout-flow wp-block-column-is-layout-flow\">\n<div style=\"height:10px\" aria-hidden=\"true\" class=\"wp-block-spacer\"><\/div>\n\n\n\n<div class=\"wp-block-group is-vertical is-content-justification-center is-nowrap is-layout-flex wp-container-core-group-is-layout-21d4e958 wp-block-group-is-layout-flex\">\n<p class=\"has-text-align-center has-medium-font-size\"><strong> (*)<\/strong><\/p>\n\n\n\n<p class=\"has-text-align-center has-small-font-size\">Parent titulaire (*t\u00eate de liste)<\/p>\n<\/div>\n\n\n\n<div style=\"height:10px\" aria-hidden=\"true\" class=\"wp-block-spacer\"><\/div>\n\n\n\n<div class=\"wp-block-group is-vertical is-content-justification-center is-nowrap is-layout-flex wp-container-core-group-is-layout-63bfd6c1 wp-block-group-is-layout-flex\">\n<p class=\"has-text-align-center has-medium-font-size\"><\/p>\n\n\n\n<p class=\"has-text-align-center has-small-font-size\">Parent titulaire<\/p>\n<\/div>\n<\/div>\n\n\n\n<div class=\"wp-block-column is-layout-flow wp-block-column-is-layout-flow\">\n<div style=\"height:10px\" aria-hidden=\"true\" class=\"wp-block-spacer\"><\/div>\n\n\n\n<div class=\"wp-block-group is-vertical is-content-justification-center is-nowrap is-layout-flex wp-container-core-group-is-layout-63bfd6c1 wp-block-group-is-layout-flex\">\n<p class=\"has-text-align-center has-medium-font-size\"><\/p>\n\n\n\n<p class=\"has-text-align-center has-small-font-size\">Parent suppl\u00e9ant<\/p>\n<\/div>\n\n\n\n<div style=\"height:10px\" aria-hidden=\"true\" class=\"wp-block-spacer\"><\/div>\n\n\n\n<div class=\"wp-block-group is-vertical is-content-justification-center is-nowrap is-layout-flex wp-container-core-group-is-layout-21d4e958 wp-block-group-is-layout-flex\">\n<p class=\"has-text-align-center has-medium-font-size\"><\/p>\n\n\n\n<p class=\"has-text-align-center has-small-font-size\">Parent suppl\u00e9ant<\/p>\n<\/div>\n<\/div>\n<\/div>\n<\/div>\n<\/div>\n<\/div>\n\n\n\n<p><\/p>\n","protected":false},"excerpt":{"rendered":"<p>Ecole Maternelle Jean-Baptiste COROT Directrice :&nbsp;&nbsp;Mme Caroline COMPERE Adresse : 22 rue des \u00c9coles Jean Baudin, 78114 MAGNY-LES-HAMEAUX T\u00e9l\u00e9phone : 01 30 52 62 20 Nombre de classes : 4 Site internet de l&rsquo;\u00e9cole Blog de la classe Rencontrez notre \u00e9quipe : Profession de foi Nous contacter :&nbsp;aipe.jb.corot@gmail.com (*) Parent titulaire (*t\u00eate de liste) Parent [&hellip;]<\/p>\n","protected":false},"author":2,"featured_media":0,"parent":2754,"menu_order":0,"comment_status":"closed","ping_status":"closed","template":"","meta":{"footnotes":""},"class_list":["post-1125","page","type-page","status-publish","hentry"],"_links":{"self":[{"href":"https:\/\/aipe78114.org\/index.php?rest_route=\/wp\/v2\/pages\/1125","targetHints":{"allow":["GET"]}}],"collection":[{"href":"https:\/\/aipe78114.org\/index.php?rest_route=\/wp\/v2\/pages"}],"about":[{"href":"https:\/\/aipe78114.org\/index.php?rest_route=\/wp\/v2\/types\/page"}],"author":[{"embeddable":true,"href":"https:\/\/aipe78114.org\/index.php?rest_route=\/wp\/v2\/users\/2"}],"replies":[{"embeddable":true,"href":"https:\/\/aipe78114.org\/index.php?rest_route=%2Fwp%2Fv2%2Fcomments&post=1125"}],"version-history":[{"count":14,"href":"https:\/\/aipe78114.org\/index.php?rest_route=\/wp\/v2\/pages\/1125\/revisions"}],"predecessor-version":[{"id":3170,"href":"https:\/\/aipe78114.org\/index.php?rest_route=\/wp\/v2\/pages\/1125\/revisions\/3170"}],"up":[{"embeddable":true,"href":"https:\/\/aipe78114.org\/index.php?rest_route=\/wp\/v2\/pages\/2754"}],"wp:attachment":[{"href":"https:\/\/aipe78114.org\/index.php?rest_route=%2Fwp%2Fv2%2Fmedia&parent=1125"}],"curies":[{"name":"wp","href":"https:\/\/api.w.org\/{rel}","templated":true}]}}