{"id":1214,"date":"2017-11-11T12:02:26","date_gmt":"2017-11-11T11:02:26","guid":{"rendered":"http:\/\/www.aipe78114.org\/?page_id=1214"},"modified":"2026-04-09T14:58:55","modified_gmt":"2026-04-09T12:58:55","slug":"rosa-bonheur-3","status":"publish","type":"page","link":"https:\/\/aipe78114.org\/?page_id=1214","title":{"rendered":"Rosa Bonheur"},"content":{"rendered":"\n<div class=\"wp-block-group alignfull has-global-padding is-content-justification-center is-layout-constrained wp-container-core-group-is-layout-6230a03f wp-block-group-is-layout-constrained\" style=\"margin-top:0;margin-bottom:0;padding-top:var(--wp--preset--spacing--20);padding-right:var(--wp--preset--spacing--50);padding-bottom:var(--wp--preset--spacing--20);padding-left:var(--wp--preset--spacing--50)\">\n<div class=\"wp-block-columns alignwide are-vertically-aligned-center is-layout-flex wp-container-core-columns-is-layout-47c06fe3 wp-block-columns-is-layout-flex\">\n<div class=\"wp-block-column is-vertically-aligned-center is-layout-flow wp-block-column-is-layout-flow\" style=\"flex-basis:50%\">\n<h2 class=\"wp-block-heading is-style-default has-base-2-color has-text-color has-background has-link-color has-xx-large-font-size wp-elements-e0035151223081e3ed54922dd9e2a17b\" style=\"background-color:#092c8c;padding-top:0;padding-right:var(--wp--preset--spacing--30);padding-bottom:0;padding-left:var(--wp--preset--spacing--30)\">Ecole \u00e9l\u00e9mentaire <strong>Rosa BONHEUR<\/strong><\/h2>\n\n\n\n<p class=\"has-medium-font-size\">Directrice<strong> <\/strong>:&nbsp;Mme Evelyne CLAPIER<\/p>\n\n\n\n<p>Adresse : 2 rue Ernest Chausson, 78114 MAGNY-LES-HAMEAUX<\/p>\n\n\n\n<p>T\u00e9l\u00e9phone : 01 30 43 71 25<\/p>\n\n\n\n<p>Nombre de classes : 2<\/p>\n\n\n\n<div style=\"height:var(--wp--preset--spacing--10)\" aria-hidden=\"true\" class=\"wp-block-spacer\"><\/div>\n\n\n\n<p class=\"has-contrast-color has-text-color has-link-color has-medium-font-size wp-elements-1f0c93878701c55a688ad539475294a2\" style=\"margin-top:0;margin-bottom:0\"><strong>Site internet de l&rsquo;\u00e9cole<\/strong><\/p>\n<\/div>\n\n\n\n<div class=\"wp-block-column is-layout-flow wp-block-column-is-layout-flow\" style=\"flex-basis:50%\">\n<figure class=\"wp-block-image size-full has-custom-border is-style-default wp-duotone-unset-1\"><img loading=\"lazy\" decoding=\"async\" width=\"535\" height=\"314\" src=\"http:\/\/aipe78114.org\/wp-content\/uploads\/2017\/11\/Rosa-Bonheur-1.jpg\" alt=\"\" class=\"wp-image-1216\" style=\"border-style:none;border-width:0px\" srcset=\"https:\/\/aipe78114.org\/wp-content\/uploads\/2017\/11\/Rosa-Bonheur-1.jpg 535w, https:\/\/aipe78114.org\/wp-content\/uploads\/2017\/11\/Rosa-Bonheur-1-300x176.jpg 300w\" sizes=\"auto, (max-width: 535px) 100vw, 535px\" \/><\/figure>\n<\/div>\n<\/div>\n<\/div>\n\n\n\n<div class=\"wp-block-group alignfull has-base-2-background-color has-background has-global-padding is-content-justification-center is-layout-constrained wp-container-core-group-is-layout-6230a03f wp-block-group-is-layout-constrained\" style=\"margin-top:0;margin-bottom:0;padding-top:var(--wp--preset--spacing--20);padding-right:var(--wp--preset--spacing--50);padding-bottom:var(--wp--preset--spacing--20);padding-left:var(--wp--preset--spacing--50)\">\n<div class=\"wp-block-columns alignwide are-vertically-aligned-center is-layout-flex wp-container-core-columns-is-layout-47c06fe3 wp-block-columns-is-layout-flex\">\n<div class=\"wp-block-column is-vertically-aligned-center is-layout-flow wp-block-column-is-layout-flow\" style=\"flex-basis:50%\">\n<p class=\"has-large-font-size\"><strong>Rencontrez notre \u00e9quipe :<\/strong><\/p>\n\n\n\n<p style=\"padding-top:var(--wp--preset--spacing--10);padding-bottom:var(--wp--preset--spacing--10)\">Profession de foi<\/p>\n\n\n\n<p class=\"has-text-align-left has-text-color has-link-color wp-elements-d20cd3f0b9da32e266e44546c96db1f2\" style=\"color:#092c8c\"><strong>Nous contacter :&nbsp;parents.eleves.rosa.bonheur@gmail.com<\/strong><\/p>\n<\/div>\n\n\n\n<div class=\"wp-block-column is-layout-flow wp-block-column-is-layout-flow\" style=\"flex-basis:50%\">\n<div class=\"wp-block-columns alignwide is-layout-flex wp-container-core-columns-is-layout-4935966c wp-block-columns-is-layout-flex\" style=\"padding-right:0;padding-left:0\">\n<div class=\"wp-block-column is-layout-flow wp-block-column-is-layout-flow\">\n<div style=\"height:10px\" aria-hidden=\"true\" class=\"wp-block-spacer\"><\/div>\n\n\n\n<div class=\"wp-block-group is-vertical is-content-justification-center is-nowrap is-layout-flex wp-container-core-group-is-layout-21d4e958 wp-block-group-is-layout-flex\">\n<p class=\"has-text-align-center has-medium-font-size\"><strong>(*)<\/strong><\/p>\n\n\n\n<p class=\"has-text-align-center has-small-font-size\">Parent titulaire (*t\u00eate de liste)<\/p>\n<\/div>\n<\/div>\n\n\n\n<div class=\"wp-block-column is-layout-flow wp-block-column-is-layout-flow\">\n<div style=\"height:10px\" aria-hidden=\"true\" class=\"wp-block-spacer\"><\/div>\n\n\n\n<div class=\"wp-block-group is-vertical is-content-justification-center is-nowrap is-layout-flex wp-container-core-group-is-layout-63bfd6c1 wp-block-group-is-layout-flex\">\n<p class=\"has-text-align-center has-medium-font-size\"><\/p>\n\n\n\n<p class=\"has-text-align-center has-small-font-size\">Parent suppl\u00e9ant<\/p>\n<\/div>\n<\/div>\n<\/div>\n<\/div>\n<\/div>\n<\/div>\n\n\n\n<p><\/p>\n","protected":false},"excerpt":{"rendered":"<p>Ecole \u00e9l\u00e9mentaire Rosa BONHEUR Directrice :&nbsp;Mme Evelyne CLAPIER Adresse : 2 rue Ernest Chausson, 78114 MAGNY-LES-HAMEAUX T\u00e9l\u00e9phone : 01 30 43 71 25 Nombre de classes : 2 Site internet de l&rsquo;\u00e9cole Rencontrez notre \u00e9quipe : Profession de foi Nous contacter :&nbsp;parents.eleves.rosa.bonheur@gmail.com (*) Parent titulaire (*t\u00eate de liste) Parent suppl\u00e9ant<\/p>\n","protected":false},"author":2,"featured_media":0,"parent":2757,"menu_order":0,"comment_status":"closed","ping_status":"open","template":"","meta":{"footnotes":""},"class_list":["post-1214","page","type-page","status-publish","hentry"],"_links":{"self":[{"href":"https:\/\/aipe78114.org\/index.php?rest_route=\/wp\/v2\/pages\/1214","targetHints":{"allow":["GET"]}}],"collection":[{"href":"https:\/\/aipe78114.org\/index.php?rest_route=\/wp\/v2\/pages"}],"about":[{"href":"https:\/\/aipe78114.org\/index.php?rest_route=\/wp\/v2\/types\/page"}],"author":[{"embeddable":true,"href":"https:\/\/aipe78114.org\/index.php?rest_route=\/wp\/v2\/users\/2"}],"replies":[{"embeddable":true,"href":"https:\/\/aipe78114.org\/index.php?rest_route=%2Fwp%2Fv2%2Fcomments&post=1214"}],"version-history":[{"count":4,"href":"https:\/\/aipe78114.org\/index.php?rest_route=\/wp\/v2\/pages\/1214\/revisions"}],"predecessor-version":[{"id":3167,"href":"https:\/\/aipe78114.org\/index.php?rest_route=\/wp\/v2\/pages\/1214\/revisions\/3167"}],"up":[{"embeddable":true,"href":"https:\/\/aipe78114.org\/index.php?rest_route=\/wp\/v2\/pages\/2757"}],"wp:attachment":[{"href":"https:\/\/aipe78114.org\/index.php?rest_route=%2Fwp%2Fv2%2Fmedia&parent=1214"}],"curies":[{"name":"wp","href":"https:\/\/api.w.org\/{rel}","templated":true}]}}