{"id":1470,"date":"2018-11-28T15:14:28","date_gmt":"2018-11-28T14:14:28","guid":{"rendered":"http:\/\/www.aipe78114.org\/?page_id=1470"},"modified":"2024-07-25T16:05:55","modified_gmt":"2024-07-25T14:05:55","slug":"contactez-nous-2","status":"publish","type":"page","link":"https:\/\/aipe78114.org\/?page_id=1470","title":{"rendered":"Contactez-nous"},"content":{"rendered":"\n<div class=\"wp-block-group alignfull has-contrast-color has-text-color has-background has-link-color wp-elements-ca2669fa436bce55bcb2a1c9877fc4cb has-global-padding is-layout-constrained wp-container-core-group-is-layout-d89aad35 wp-block-group-is-layout-constrained\" style=\"background:linear-gradient(180deg,rgb(55,198,210) 0%,rgb(255,255,255) 100%);margin-top:0;margin-bottom:0;padding-top:var(--wp--preset--spacing--50);padding-right:var(--wp--preset--spacing--50);padding-bottom:var(--wp--preset--spacing--50);padding-left:var(--wp--preset--spacing--50)\">\n<div class=\"wp-block-columns alignwide is-layout-flex wp-container-core-columns-is-layout-1da03c2a wp-block-columns-is-layout-flex\">\n<div class=\"wp-block-column is-layout-flow wp-block-column-is-layout-flow\" style=\"flex-basis:40%\">\n<div style=\"height:20px\" aria-hidden=\"true\" class=\"wp-block-spacer\"><\/div>\n\n\n\n<h3 class=\"wp-block-heading has-text-align-left has-base-2-color has-text-color has-link-color wp-elements-0772cb8d7176efae7e6847738484dbcf\"><strong>FORMULAIRE DE CONTACT<\/strong><\/h3>\n\n\n\n<div style=\"height:20px\" aria-hidden=\"true\" class=\"wp-block-spacer\"><\/div>\n\n\n\n<p>Nous vous invitons \u00e0 nous laisser vos coordonn\u00e9es et \u00e0 nous faire part de votre message dans le formulaire ci-dessous. <\/p>\n\n\n\n<p>Nous vous contacterons dans les meilleurs d\u00e9lais.<\/p>\n<\/div>\n\n\n\n<div class=\"wp-block-column is-vertically-aligned-center is-layout-flow wp-block-column-is-layout-flow\" style=\"flex-basis:60%\">\n<div class=\"wp-block-group has-global-padding is-layout-constrained wp-block-group-is-layout-constrained\"><div class=\"wpforms-container wpforms-container-full wpforms-block wpforms-block-f86740e6-140c-463e-ab1c-bdcc28277e39 wpforms-render-modern\" id=\"wpforms-2957\"><form id=\"wpforms-form-2957\" class=\"wpforms-validate wpforms-form wpforms-ajax-form\" data-formid=\"2957\" method=\"post\" enctype=\"multipart\/form-data\" action=\"\/index.php?rest_route=%2Fwp%2Fv2%2Fpages%2F1470\" data-token=\"bfc3f593c4f76458211dbe3a511967f8\" data-token-time=\"1777986421\"><noscript class=\"wpforms-error-noscript\">Veuillez activer JavaScript dans votre navigateur pour remplir ce formulaire.<\/noscript><div id=\"wpforms-error-noscript\" style=\"display: none;\">Veuillez activer JavaScript dans votre navigateur pour remplir ce formulaire.<\/div><div class=\"wpforms-field-container\"><div id=\"wpforms-2957-field_6-container\" class=\"wpforms-field wpforms-field-name\" data-field-id=\"6\"><fieldset><legend class=\"wpforms-field-label\">NOM <span class=\"wpforms-required-label\" aria-hidden=\"true\">*<\/span><\/legend><div class=\"wpforms-field-row wpforms-field-medium\"><div class=\"wpforms-field-row-block wpforms-first wpforms-one-half\"><input type=\"text\" id=\"wpforms-2957-field_6\" class=\"wpforms-field-name-first wpforms-field-required\" name=\"wpforms[fields][6][first]\" aria-errormessage=\"wpforms-2957-field_6-error\" required><label for=\"wpforms-2957-field_6\" class=\"wpforms-field-sublabel after\">Pr\u00e9nom<\/label><\/div><div class=\"wpforms-field-row-block wpforms-one-half\"><input type=\"text\" id=\"wpforms-2957-field_6-last\" class=\"wpforms-field-name-last wpforms-field-required\" name=\"wpforms[fields][6][last]\" aria-errormessage=\"wpforms-2957-field_6-last-error\" required><label for=\"wpforms-2957-field_6-last\" class=\"wpforms-field-sublabel after\">Nom<\/label><\/div><\/div><\/fieldset><\/div><div id=\"wpforms-2957-field_3-container\" class=\"wpforms-field wpforms-field-email\" data-field-id=\"3\"><label class=\"wpforms-field-label\" for=\"wpforms-2957-field_3\">E-mail <span class=\"wpforms-required-label\" aria-hidden=\"true\">*<\/span><\/label><input type=\"email\" id=\"wpforms-2957-field_3\" class=\"wpforms-field-medium wpforms-field-required\" name=\"wpforms[fields][3]\" spellcheck=\"false\" aria-errormessage=\"wpforms-2957-field_3-error\" required><\/div><div id=\"wpforms-2957-field_4-container\" class=\"wpforms-field wpforms-field-select wpforms-field-select-style-classic\" data-field-id=\"4\"><label class=\"wpforms-field-label\" for=\"wpforms-2957-field_4\">Etablissement<\/label><select id=\"wpforms-2957-field_4\" class=\"wpforms-field-medium\" name=\"wpforms[fields][4]\"><option value=\"Ecole maternelle A. Gide\"  class=\"choice-1 depth-1\"  >Ecole maternelle A. Gide<\/option><option value=\"Ecole maternelle F. Jammes\"  class=\"choice-4 depth-1\"  >Ecole maternelle F. Jammes<\/option><option value=\"Ecole maternelle JB. Corot\"  class=\"choice-2 depth-1\"  >Ecole maternelle JB. Corot<\/option><option value=\"Ecole maternelle Petit Prince\"  class=\"choice-3 depth-1\"  >Ecole maternelle Petit Prince<\/option><option value=\"Ecole \u00e9l\u00e9mentaire A. Gide\"  class=\"choice-10 depth-1\"  >Ecole \u00e9l\u00e9mentaire A. Gide<\/option><option value=\"Ecole \u00e9l\u00e9mentaire L. Weiss\"  class=\"choice-9 depth-1\"  >Ecole \u00e9l\u00e9mentaire L. Weiss<\/option><option value=\"Ecole \u00e9l\u00e9mentaire A. Samain\"  class=\"choice-8 depth-1\"  >Ecole \u00e9l\u00e9mentaire A. Samain<\/option><option value=\"Ecole \u00e9l\u00e9mentaire R. Bonheur\"  class=\"choice-7 depth-1\"  >Ecole \u00e9l\u00e9mentaire R. Bonheur<\/option><option value=\"Ecole \u00e9l\u00e9mentaire St Exup\u00e9ry\"  class=\"choice-6 depth-1\"  >Ecole \u00e9l\u00e9mentaire St Exup\u00e9ry<\/option><option value=\"Coll\u00e8ge A. Einstein\"  class=\"choice-5 depth-1\"  >Coll\u00e8ge A. Einstein<\/option><\/select><\/div><div id=\"wpforms-2957-field_7-container\" class=\"wpforms-field wpforms-field-textarea\" data-field-id=\"7\"><label class=\"wpforms-field-label\" for=\"wpforms-2957-field_7\">Message <span class=\"wpforms-required-label\" aria-hidden=\"true\">*<\/span><\/label><textarea id=\"wpforms-2957-field_7\" class=\"wpforms-field-medium wpforms-field-required\" name=\"wpforms[fields][7]\" aria-errormessage=\"wpforms-2957-field_7-error\" required><\/textarea><\/div><\/div><!-- .wpforms-field-container --><div class=\"wpforms-submit-container\" ><input type=\"hidden\" name=\"wpforms[id]\" value=\"2957\"><input type=\"hidden\" name=\"page_title\" value=\"\"><input type=\"hidden\" name=\"page_url\" value=\"https:\/\/aipe78114.org\/index.php?rest_route=\/wp\/v2\/pages\/1470\"><input type=\"hidden\" name=\"url_referer\" value=\"\"><button type=\"submit\" name=\"wpforms[submit]\" id=\"wpforms-submit-2957\" class=\"wpforms-submit\" data-alt-text=\"Envoi...\" data-submit-text=\"ENVOYER\" aria-live=\"assertive\" value=\"wpforms-submit\">ENVOYER<\/button><img loading=\"lazy\" decoding=\"async\" src=\"https:\/\/aipe78114.org\/wp-content\/plugins\/wpforms-lite\/assets\/images\/submit-spin.svg\" class=\"wpforms-submit-spinner\" style=\"display: none;\" width=\"26\" height=\"26\" alt=\"Chargement en cours\"><\/div><\/form><\/div>  <!-- .wpforms-container --><\/div>\n<\/div>\n<\/div>\n<\/div>\n","protected":false},"excerpt":{"rendered":"<p>FORMULAIRE DE CONTACT Nous vous invitons \u00e0 nous laisser vos coordonn\u00e9es et \u00e0 nous faire part de votre message dans le formulaire ci-dessous. Nous vous contacterons dans les meilleurs d\u00e9lais.<\/p>\n","protected":false},"author":2,"featured_media":0,"parent":2769,"menu_order":0,"comment_status":"closed","ping_status":"open","template":"","meta":{"footnotes":""},"class_list":["post-1470","page","type-page","status-publish","hentry"],"_links":{"self":[{"href":"https:\/\/aipe78114.org\/index.php?rest_route=\/wp\/v2\/pages\/1470","targetHints":{"allow":["GET"]}}],"collection":[{"href":"https:\/\/aipe78114.org\/index.php?rest_route=\/wp\/v2\/pages"}],"about":[{"href":"https:\/\/aipe78114.org\/index.php?rest_route=\/wp\/v2\/types\/page"}],"author":[{"embeddable":true,"href":"https:\/\/aipe78114.org\/index.php?rest_route=\/wp\/v2\/users\/2"}],"replies":[{"embeddable":true,"href":"https:\/\/aipe78114.org\/index.php?rest_route=%2Fwp%2Fv2%2Fcomments&post=1470"}],"version-history":[{"count":10,"href":"https:\/\/aipe78114.org\/index.php?rest_route=\/wp\/v2\/pages\/1470\/revisions"}],"predecessor-version":[{"id":2986,"href":"https:\/\/aipe78114.org\/index.php?rest_route=\/wp\/v2\/pages\/1470\/revisions\/2986"}],"up":[{"embeddable":true,"href":"https:\/\/aipe78114.org\/index.php?rest_route=\/wp\/v2\/pages\/2769"}],"wp:attachment":[{"href":"https:\/\/aipe78114.org\/index.php?rest_route=%2Fwp%2Fv2%2Fmedia&parent=1470"}],"curies":[{"name":"wp","href":"https:\/\/api.w.org\/{rel}","templated":true}]}}