{"id":2840,"date":"2024-07-18T14:51:21","date_gmt":"2024-07-18T12:51:21","guid":{"rendered":"http:\/\/aipe78114.org\/?page_id=2840"},"modified":"2024-10-23T15:43:36","modified_gmt":"2024-10-23T13:43:36","slug":"college-2","status":"publish","type":"page","link":"https:\/\/aipe78114.org\/?page_id=2840","title":{"rendered":"Coll\u00e8ge Albert EINSTEIN"},"content":{"rendered":"\n<div class=\"wp-block-group alignfull has-global-padding is-content-justification-center is-layout-constrained wp-container-core-group-is-layout-6230a03f wp-block-group-is-layout-constrained\" style=\"margin-top:0;margin-bottom:0;padding-top:var(--wp--preset--spacing--20);padding-right:var(--wp--preset--spacing--50);padding-bottom:var(--wp--preset--spacing--20);padding-left:var(--wp--preset--spacing--50)\">\n<div class=\"wp-block-columns alignwide are-vertically-aligned-center is-layout-flex wp-container-core-columns-is-layout-47c06fe3 wp-block-columns-is-layout-flex\">\n<div class=\"wp-block-column is-vertically-aligned-center is-layout-flow wp-container-core-column-is-layout-924b0507 wp-block-column-is-layout-flow\" style=\"padding-top:0;padding-bottom:0;flex-basis:50%\">\n<h2 class=\"wp-block-heading is-style-default has-base-2-color has-text-color has-background has-link-color has-xx-large-font-size wp-elements-fec8a212dcad09483cad43358cab948b\" style=\"background-color:#092c8c;padding-top:0;padding-right:var(--wp--preset--spacing--30);padding-bottom:0;padding-left:var(--wp--preset--spacing--30)\">Coll\u00e8ge<br><strong>Albert EINSTEIN<\/strong><\/h2>\n\n\n\n<p><strong><mark style=\"background-color:rgba(0, 0, 0, 0);color:#1799ac\" class=\"has-inline-color\">ORGANIGRAMME<\/mark><\/strong><\/p>\n\n\n\n<ul class=\"wp-block-list has-medium-font-size\">\n<li><strong>Directrice Principale :&nbsp;<\/strong>Mme EPIFANI<\/li>\n\n\n\n<li><strong>Directrice Principale Adjointe : <\/strong>Mme PERROT<\/li>\n\n\n\n<li><strong>Gestionnaire Adjointe : <\/strong>Mme CL\u00c9MENT-GULIA<\/li>\n\n\n\n<li><strong>Conseill\u00e8re Principale d&rsquo;\u00c9ducation : <\/strong>Mme DUB\u0152UF<\/li>\n\n\n\n<li><strong>Psychologue de l&rsquo;\u00c9ducation Nationale pour l&rsquo;Orientation : <\/strong>Mme DOUY<\/li>\n\n\n\n<li><strong>Infirmi\u00e8re : <\/strong>Mme GRIVEAU<\/li>\n\n\n\n<li><strong>Repr\u00e9sentante Restauration (C&rsquo;Midy) : <\/strong>Mme BOUMEDINE<\/li>\n<\/ul>\n\n\n\n<p><strong><mark style=\"background-color:rgba(0, 0, 0, 0);color:#1799ac\" class=\"has-inline-color\">COORDONN\u00c9ES<\/mark><\/strong><\/p>\n\n\n\n<ul class=\"wp-block-list has-medium-font-size\">\n<li><strong>Adresse : <\/strong>10, rue Hodebourg, 78114 MAGNY-LES-HAMEAUX<\/li>\n\n\n\n<li><strong>T\u00e9l\u00e9phone : <\/strong>01 30 52 43 28<\/li>\n\n\n\n<li><strong>Courriel : <\/strong><a href=\"about:blank\">ce.0781171z@ac-versailles.fr<\/a><\/li>\n\n\n\n<li><strong>Vie scolaire (absences, retards\u2026) :<\/strong> <a href=\"about:blank\">vie-scolaire1.0781171z@ac-versailles.fr<\/a><\/li>\n\n\n\n<li><strong>Secr\u00e9tariat des \u00e9l\u00e8ves : <\/strong><a href=\"about:blank\">secretariateleves.0781171z@ac-versailles.fr<\/a><\/li>\n<\/ul>\n\n\n\n<p><strong><mark style=\"background-color:rgba(0, 0, 0, 0);color:#1799ac\" class=\"has-inline-color\">RENTR\u00c9E 2024<\/mark><\/strong><\/p>\n\n\n\n<figure class=\"wp-block-table is-style-stripes has-small-font-size\" style=\"padding-top:0;padding-right:0;padding-bottom:0;padding-left:0;font-style:normal;font-weight:500\"><table><thead><tr><th class=\"has-text-align-center\" data-align=\"center\">NIVEAUX<\/th><th class=\"has-text-align-center\" data-align=\"center\">NOMBRE D&rsquo;\u00c9L\u00c8VES<\/th><th class=\"has-text-align-center\" data-align=\"center\">NOMBRE DE CLASSES<\/th><\/tr><\/thead><tbody><tr><td class=\"has-text-align-center\" data-align=\"center\"><strong>6\u00e8me<\/strong><\/td><td class=\"has-text-align-center\" data-align=\"center\">120<\/td><td class=\"has-text-align-center\" data-align=\"center\">4<\/td><\/tr><tr><td class=\"has-text-align-center\" data-align=\"center\"><strong>5\u00e8me<\/strong><\/td><td class=\"has-text-align-center\" data-align=\"center\">130<\/td><td class=\"has-text-align-center\" data-align=\"center\">5<\/td><\/tr><tr><td class=\"has-text-align-center\" data-align=\"center\"><strong>4\u00e8me<\/strong><\/td><td class=\"has-text-align-center\" data-align=\"center\">128<\/td><td class=\"has-text-align-center\" data-align=\"center\">5<\/td><\/tr><tr><td class=\"has-text-align-center\" data-align=\"center\"><strong>3\u00e8me<\/strong><\/td><td class=\"has-text-align-center\" data-align=\"center\">106<\/td><td class=\"has-text-align-center\" data-align=\"center\">4<\/td><\/tr><\/tbody><tfoot><tr><td class=\"has-text-align-center\" data-align=\"center\"><strong>TOTAL<\/strong><\/td><td class=\"has-text-align-center\" data-align=\"center\"><strong>484<\/strong><\/td><td class=\"has-text-align-center\" data-align=\"center\"><strong>18<\/strong><\/td><\/tr><\/tfoot><\/table><figcaption class=\"wp-element-caption\"><em>Chiffres actualis\u00e9s en septembre 2024<\/em><\/figcaption><\/figure>\n<\/div>\n\n\n\n<div class=\"wp-block-column is-layout-flow wp-block-column-is-layout-flow\" style=\"flex-basis:50%\">\n<figure class=\"wp-block-image size-full is-resized has-custom-border is-style-default wp-duotone-unset-1\"><img loading=\"lazy\" decoding=\"async\" width=\"1493\" height=\"996\" src=\"http:\/\/aipe78114.org\/wp-content\/uploads\/2024\/10\/college.png\" alt=\"\" class=\"wp-image-3061\" style=\"border-style:none;border-width:0px;width:588px;height:auto\" srcset=\"https:\/\/aipe78114.org\/wp-content\/uploads\/2024\/10\/college.png 1493w, https:\/\/aipe78114.org\/wp-content\/uploads\/2024\/10\/college-300x200.png 300w, https:\/\/aipe78114.org\/wp-content\/uploads\/2024\/10\/college-1024x683.png 1024w, https:\/\/aipe78114.org\/wp-content\/uploads\/2024\/10\/college-768x512.png 768w\" sizes=\"auto, (max-width: 1493px) 100vw, 1493px\" \/><\/figure>\n\n\n\n<div class=\"wp-block-buttons is-content-justification-center is-layout-flex wp-container-core-buttons-is-layout-a89b3969 wp-block-buttons-is-layout-flex\">\n<div class=\"wp-block-button is-style-fill\"><a class=\"wp-block-button__link wp-element-button\" href=\"https:\/\/clg-einstein-magny.ac-versailles.fr\/\">Site internet du coll\u00c8ge<\/a><\/div>\n<\/div>\n\n\n\n<div style=\"height:22px\" aria-hidden=\"true\" class=\"wp-block-spacer\"><\/div>\n\n\n\n<p class=\"has-large-font-size\"><strong>D\u00e9couvrez notre futur coll\u00e8ge<\/strong> <strong>Albert EINSTEIN en images !<\/strong><\/p>\n\n\n\n<figure class=\"wp-block-embed is-type-video is-provider-youtube wp-block-embed-youtube wp-embed-aspect-16-9 wp-has-aspect-ratio\"><div class=\"wp-block-embed__wrapper\">\n<iframe loading=\"lazy\" title=\"Reconstruction du coll\u00e8ge Albert Einstein \u00e0 Magny les Hameaux\" width=\"500\" height=\"281\" src=\"https:\/\/www.youtube.com\/embed\/hzarJ4pmEDc?feature=oembed\" frameborder=\"0\" allow=\"accelerometer; autoplay; clipboard-write; encrypted-media; gyroscope; picture-in-picture; web-share\" referrerpolicy=\"strict-origin-when-cross-origin\" allowfullscreen><\/iframe>\n<\/div><\/figure>\n\n\n\n<p class=\"has-medium-font-size\"><em>Pour en savoir plus sur le projet de reconstruction, consultez la <a href=\"https:\/\/www.archipente.com\/college-albert-einstein-a-magny-les-hameaux\/\">page Archipente<\/a>, architecte mandataire de la Ma\u00eetrise d&rsquo;\u0152uvre.<\/em><\/p>\n<\/div>\n<\/div>\n<\/div>\n\n\n\n<div class=\"wp-block-group alignfull has-base-2-background-color has-background has-global-padding is-content-justification-center is-layout-constrained wp-container-core-group-is-layout-6230a03f wp-block-group-is-layout-constrained\" style=\"margin-top:0;margin-bottom:0;padding-top:var(--wp--preset--spacing--20);padding-right:var(--wp--preset--spacing--50);padding-bottom:var(--wp--preset--spacing--20);padding-left:var(--wp--preset--spacing--50)\">\n<div class=\"wp-block-columns alignwide are-vertically-aligned-center is-layout-flex wp-container-core-columns-is-layout-47c06fe3 wp-block-columns-is-layout-flex\">\n<div class=\"wp-block-column is-vertically-aligned-center is-layout-flow wp-block-column-is-layout-flow\" style=\"flex-basis:50%\">\n<p class=\"has-large-font-size\"><strong><mark style=\"background-color:rgba(0, 0, 0, 0);color:#f88a13\" class=\"has-inline-color\">Rencontrez nos repr\u00e9sentants AIPE<\/mark><\/strong><br><strong><mark style=\"background-color:rgba(0, 0, 0, 0);color:#f88a13\" class=\"has-inline-color\">2024 \/ 2025 pour le coll\u00e8ge<\/mark><\/strong><\/p>\n\n\n\n<p class=\"has-medium-font-size\" style=\"padding-top:var(--wp--preset--spacing--10);padding-bottom:var(--wp--preset--spacing--10)\"><strong><mark style=\"background-color:rgba(0, 0, 0, 0);color:#f88a13\" class=\"has-inline-color\">NOTRE PROFESSION DE FOI POUR CETTE ANN\u00c9E SCOLAIRE<\/mark><\/strong><\/p>\n\n\n\n<p class=\"has-medium-font-size\">Notre \u00e9quipe de parents b\u00e9n\u00e9voles est dynamique, ouverte, conviviale<br>et vous repr\u00e9sentera activement au sein du conseil d\u2019administration du coll\u00e8ge Albert Einstein et de ses diff\u00e9rentes commissions.<br>Nous nous engageons \u00e0 :<\/p>\n\n\n\n<ul class=\"wp-block-list\">\n<li>Vous tenir inform\u00e9s sur la vie au coll\u00e8ge et suivre les travaux de construction du nouveau coll\u00e8ge ;<\/li>\n\n\n\n<li>Agir pour assurer la s\u00e9curit\u00e9 et le bien-\u00eatre de nos enfants<\/li>\n\n\n\n<li>Servir de relais entre vous et les enseignants ainsi que l&rsquo;\u00e9quipe administrative<\/li>\n\n\n\n<li>Vous repr\u00e9senter lors des conseils d&rsquo;administration, des commissions \u00e9ducatives et des conseils de discipline<\/li>\n\n\n\n<li>\u00c9tablir le lien entre vous et l&rsquo;\u00e9quipe p\u00e9dagogique lors des conseils de classe (questionnaires) et vous tenir au courant \u00e0 travers des comptes rendus<\/li>\n\n\n\n<li>Aborder les sujets qui touchent nos enfants et la vie scolaire (recherche de stage de 3\u00e8me, orientation, etc.)<\/li>\n<\/ul>\n<\/div>\n\n\n\n<div class=\"wp-block-column is-layout-flow wp-block-column-is-layout-flow\" style=\"flex-basis:50%\">\n<div class=\"wp-block-columns alignwide is-not-stacked-on-mobile is-layout-flex wp-container-core-columns-is-layout-4935966c wp-block-columns-is-layout-flex\" style=\"padding-right:0;padding-left:0\">\n<div class=\"wp-block-column has-global-padding is-layout-constrained wp-block-column-is-layout-constrained\">\n<div class=\"wp-block-group is-vertical is-content-justification-center is-nowrap is-layout-flex wp-container-core-group-is-layout-21d4e958 wp-block-group-is-layout-flex\">\n<p class=\"has-text-align-center has-small-font-size\"><strong><mark style=\"background-color:rgba(0, 0, 0, 0);color:#f88a13\" class=\"has-inline-color\">Anne BRENNE<\/mark><\/strong><br><em><mark style=\"background-color:rgba(0, 0, 0, 0);color:#f88a13\" class=\"has-inline-color\">6\u00e8me3 &amp; 4\u00e8me2<\/mark><\/em><\/p>\n\n\n\n<p class=\"has-text-align-center has-small-font-size\"><mark style=\"background-color:rgba(0, 0, 0, 0);color:#f88a13\" class=\"has-inline-color\">Parent titulaire*<\/mark><\/p>\n<\/div>\n\n\n\n<div style=\"height:15px\" aria-hidden=\"true\" class=\"wp-block-spacer\"><\/div>\n\n\n\n<div class=\"wp-block-group is-vertical is-content-justification-center is-nowrap is-layout-flex wp-container-core-group-is-layout-63bfd6c1 wp-block-group-is-layout-flex\">\n<p class=\"has-text-align-center has-text-color has-link-color has-small-font-size wp-elements-98dc7741526450c2dcd422f5f36a8ea4\" style=\"color:#1799ac\"><strong><mark style=\"background-color:rgba(0, 0, 0, 0);color:#0933a6\" class=\"has-inline-color\">Audrey LEGRAND<\/mark><\/strong><\/p>\n\n\n\n<p class=\"has-text-align-center has-text-color has-link-color has-small-font-size wp-elements-026031533304cb3a64986daf57ccd7ed\" style=\"color:#1799ac\"><em><mark style=\"background-color:rgba(0, 0, 0, 0);color:#0933a6\" class=\"has-inline-color\">5\u00e8me5<br><\/mark><\/em><mark style=\"background-color:rgba(0, 0, 0, 0);color:#0933a6\" class=\"has-inline-color\">Parent suppl\u00e9ant<\/mark><\/p>\n<\/div>\n\n\n\n<div style=\"height:15px\" aria-hidden=\"true\" class=\"wp-block-spacer\"><\/div>\n\n\n\n<div class=\"wp-block-group is-vertical is-content-justification-center is-nowrap is-layout-flex wp-container-core-group-is-layout-63bfd6c1 wp-block-group-is-layout-flex\">\n<p class=\"has-text-align-center has-text-color has-link-color has-small-font-size wp-elements-9348c63e0261f33f23291582e3ead198\" style=\"color:#1799ac\"><strong>B\u00e9n\u00e9dicte CUISSET<\/strong><\/p>\n\n\n\n<p class=\"has-text-align-center has-text-color has-link-color has-small-font-size wp-elements-491a640ae65c818b2972fa5dc553b2f7\" style=\"color:#1799ac\"><em>3\u00e8me3<br><\/em>Parent membre<\/p>\n<\/div>\n\n\n\n<div style=\"height:15px\" aria-hidden=\"true\" class=\"wp-block-spacer\"><\/div>\n\n\n\n<div class=\"wp-block-group is-vertical is-content-justification-center is-nowrap is-layout-flex wp-container-core-group-is-layout-63bfd6c1 wp-block-group-is-layout-flex\">\n<p class=\"has-text-align-center has-text-color has-link-color has-small-font-size wp-elements-11d2a4576b5bfe69e02abe19ac437f32\" style=\"color:#1799ac\"><strong>Emeline<\/strong> <strong>GUATTO<\/strong><\/p>\n\n\n\n<p class=\"has-text-align-center has-text-color has-link-color has-small-font-size wp-elements-0bbaaeb09ebb6ef35ce0101975a7e703\" style=\"color:#1799ac\"><em>6\u00e8me2 &amp; 4\u00e8me2<br><\/em>Parent membre<\/p>\n<\/div>\n<\/div>\n\n\n\n<div class=\"wp-block-column is-layout-flow wp-block-column-is-layout-flow\">\n<div class=\"wp-block-group is-vertical is-content-justification-center is-nowrap is-layout-flex wp-container-core-group-is-layout-21d4e958 wp-block-group-is-layout-flex\">\n<p class=\"has-text-align-center has-small-font-size\"><strong><mark style=\"background-color:rgba(0, 0, 0, 0);color:#f88a13\" class=\"has-inline-color\">Louise HILL<\/mark><\/strong><\/p>\n\n\n\n<p class=\"has-text-align-center has-small-font-size\"><mark style=\"background-color:rgba(0, 0, 0, 0);color:#f88a13\" class=\"has-inline-color\"><em>5\u00e8me4<\/em><br>Parent titulaire*<\/mark><\/p>\n<\/div>\n\n\n\n<div style=\"height:15px\" aria-hidden=\"true\" class=\"wp-block-spacer\"><\/div>\n\n\n\n<div class=\"wp-block-group is-vertical is-content-justification-center is-nowrap is-layout-flex wp-container-core-group-is-layout-63bfd6c1 wp-block-group-is-layout-flex\">\n<p class=\"has-text-align-center has-text-color has-link-color has-small-font-size wp-elements-4828a9f5c68c5e2c0f991d97da7e82a2\" style=\"color:#1799ac\"><strong><mark style=\"background-color:rgba(0, 0, 0, 0);color:#0933a6\" class=\"has-inline-color\">Val\u00e9rie CAMPANACCI<\/mark><\/strong><\/p>\n\n\n\n<p class=\"has-text-align-center has-text-color has-link-color has-small-font-size wp-elements-dc3dd3e0e660a6f3a4e4032964994cdb\" style=\"color:#1799ac\"><em><mark style=\"background-color:rgba(0, 0, 0, 0);color:#0933a6\" class=\"has-inline-color\">4\u00e8me3<\/mark><br><\/em><mark style=\"background-color:rgba(0, 0, 0, 0);color:#0933a6\" class=\"has-inline-color\">Parent suppl\u00e9ant<\/mark><\/p>\n<\/div>\n\n\n\n<div style=\"height:15px\" aria-hidden=\"true\" class=\"wp-block-spacer\"><\/div>\n\n\n\n<div class=\"wp-block-group is-vertical is-content-justification-center is-nowrap is-layout-flex wp-container-core-group-is-layout-63bfd6c1 wp-block-group-is-layout-flex\">\n<p class=\"has-text-align-center has-text-color has-link-color has-small-font-size wp-elements-5e9906b5ac3f1b9da2aa9bbf99b2ce77\" style=\"color:#1799ac\"><strong>Christelle LEMONNIER<\/strong><\/p>\n\n\n\n<p class=\"has-text-align-center has-text-color has-link-color has-small-font-size wp-elements-f1e833fd745d674f53d696342123a6be\" style=\"color:#1799ac\"><em>6\u00e8me3 &amp; 4\u00e8me3<br><\/em>Parent membre<\/p>\n<\/div>\n\n\n\n<div style=\"height:15px\" aria-hidden=\"true\" class=\"wp-block-spacer\"><\/div>\n\n\n\n<div class=\"wp-block-group is-vertical is-content-justification-center is-nowrap is-layout-flex wp-container-core-group-is-layout-63bfd6c1 wp-block-group-is-layout-flex\">\n<p class=\"has-text-align-center has-text-color has-link-color has-small-font-size wp-elements-74283eae28c66863bcd57b8eb90bb90a\" style=\"color:#1799ac\"><strong>Odile<\/strong> <strong>LADOUCEUR RAYAR<\/strong><\/p>\n\n\n\n<p class=\"has-text-align-center has-text-color has-link-color has-small-font-size wp-elements-543da9f1cb38fa5a056fc75fb55fd903\" style=\"color:#1799ac\"><em>5\u00e8me1<\/em><br>Parent membre<\/p>\n<\/div>\n<\/div>\n\n\n\n<div class=\"wp-block-column is-layout-flow wp-block-column-is-layout-flow\">\n<div class=\"wp-block-group is-vertical is-content-justification-center is-nowrap is-layout-flex wp-container-core-group-is-layout-63bfd6c1 wp-block-group-is-layout-flex\">\n<p class=\"has-text-align-center has-text-color has-link-color has-small-font-size wp-elements-7608d5676a80d4f9af4500102eb3cf83\" style=\"color:#0933a6\"><strong><mark style=\"background-color:rgba(0, 0, 0, 0);color:#f88a13\" class=\"has-inline-color\">Nawel MAHTOUT<\/mark><\/strong><\/p>\n\n\n\n<p class=\"has-text-align-center has-text-color has-link-color has-small-font-size wp-elements-586dde61e021f8e45a770abdc22dc850\" style=\"color:#0933a6\"><em><mark style=\"background-color:rgba(0, 0, 0, 0);color:#f88a13\" class=\"has-inline-color\">6\u00e8me2<br><\/mark><\/em><mark style=\"background-color:rgba(0, 0, 0, 0);color:#f88a13\" class=\"has-inline-color\">Parent titulaire<\/mark><\/p>\n<\/div>\n\n\n\n<div style=\"height:15px\" aria-hidden=\"true\" class=\"wp-block-spacer\"><\/div>\n\n\n\n<div class=\"wp-block-group is-vertical is-content-justification-center is-nowrap is-layout-flex wp-container-core-group-is-layout-63bfd6c1 wp-block-group-is-layout-flex\">\n<p class=\"has-text-align-center has-text-color has-link-color has-small-font-size wp-elements-13c7f23316a7d8ea2e00f982a91a7a0e\" style=\"color:#1799ac\"><strong><mark style=\"background-color:rgba(0, 0, 0, 0);color:#0933a6\" class=\"has-inline-color\">Vincent PORFIRIO<\/mark><\/strong><\/p>\n\n\n\n<p class=\"has-text-align-center has-text-color has-link-color has-small-font-size wp-elements-d09723f58589149002b9ab7fa3d7453c\" style=\"color:#1799ac\"><em><mark style=\"background-color:rgba(0, 0, 0, 0);color:#0933a6\" class=\"has-inline-color\">3\u00e8me1<br><\/mark><\/em><mark style=\"background-color:rgba(0, 0, 0, 0);color:#0933a6\" class=\"has-inline-color\">Parent suppl\u00e9ant<\/mark><\/p>\n<\/div>\n\n\n\n<div style=\"height:15px\" aria-hidden=\"true\" class=\"wp-block-spacer\"><\/div>\n\n\n\n<div class=\"wp-block-group is-vertical is-content-justification-center is-nowrap is-layout-flex wp-container-core-group-is-layout-63bfd6c1 wp-block-group-is-layout-flex\">\n<p class=\"has-text-align-center has-text-color has-link-color has-small-font-size wp-elements-8bdb1c7a2de3ba1e2dcf59407d4b0ba4\" style=\"color:#1799ac\"><strong>Agn\u00e8s RIOLLAND<\/strong><\/p>\n\n\n\n<p class=\"has-text-align-center has-text-color has-link-color has-small-font-size wp-elements-1fb4688ccb1cdb18078ea9f0d4044e28\" style=\"color:#1799ac\"><em>4\u00e8me1<br><\/em>Parent membre<\/p>\n<\/div>\n\n\n\n<div style=\"height:15px\" aria-hidden=\"true\" class=\"wp-block-spacer\"><\/div>\n\n\n\n<div class=\"wp-block-group is-vertical is-content-justification-center is-nowrap is-layout-flex wp-container-core-group-is-layout-63bfd6c1 wp-block-group-is-layout-flex\">\n<p class=\"has-text-align-center has-text-color has-link-color has-small-font-size wp-elements-1e3b2afee6a3471480668648b8d582a4\" style=\"color:#1799ac\"><strong>Lahsen SOUMMAR<\/strong><\/p>\n\n\n\n<p class=\"has-text-align-center has-text-color has-link-color has-small-font-size wp-elements-d3340c0c36250edec79faed9bfe9c5e3\" style=\"color:#1799ac\"><em>5\u00e8me5<br><\/em>Parent membre<\/p>\n<\/div>\n<\/div>\n<\/div>\n\n\n\n<h6 class=\"wp-block-heading has-text-align-right is-style-default has-contrast-2-color has-text-color\" style=\"font-size:0.77rem\">*<em>T\u00eate de liste<\/em><\/h6>\n\n\n\n<div class=\"wp-block-buttons is-content-justification-center is-layout-flex wp-container-core-buttons-is-layout-a6d9f191 wp-block-buttons-is-layout-flex\" style=\"margin-top:var(--wp--preset--spacing--40);margin-bottom:var(--wp--preset--spacing--40)\">\n<div class=\"wp-block-button is-style-fill\"><a class=\"wp-block-button__link wp-element-button\" href=\"mailto:aipe.einstein@gmail.com\">NOUS CONTACTER<\/a><\/div>\n<\/div>\n<\/div>\n<\/div>\n<\/div>\n","protected":false},"excerpt":{"rendered":"<p>Coll\u00e8geAlbert EINSTEIN ORGANIGRAMME COORDONN\u00c9ES RENTR\u00c9E 2024 NIVEAUX NOMBRE D&rsquo;\u00c9L\u00c8VES NOMBRE DE CLASSES 6\u00e8me 120 4 5\u00e8me 130 5 4\u00e8me 128 5 3\u00e8me 106 4 TOTAL 484 18 Chiffres actualis\u00e9s en septembre 2024 Rencontrez nos repr\u00e9sentants AIPE2024 \/ 2025 pour le coll\u00e8ge NOTRE PROFESSION DE FOI POUR CETTE ANN\u00c9E SCOLAIRE Notre \u00e9quipe de parents b\u00e9n\u00e9voles est [&hellip;]<\/p>\n","protected":false},"author":1,"featured_media":0,"parent":2648,"menu_order":0,"comment_status":"closed","ping_status":"closed","template":"","meta":{"footnotes":""},"class_list":["post-2840","page","type-page","status-publish","hentry"],"_links":{"self":[{"href":"https:\/\/aipe78114.org\/index.php?rest_route=\/wp\/v2\/pages\/2840","targetHints":{"allow":["GET"]}}],"collection":[{"href":"https:\/\/aipe78114.org\/index.php?rest_route=\/wp\/v2\/pages"}],"about":[{"href":"https:\/\/aipe78114.org\/index.php?rest_route=\/wp\/v2\/types\/page"}],"author":[{"embeddable":true,"href":"https:\/\/aipe78114.org\/index.php?rest_route=\/wp\/v2\/users\/1"}],"replies":[{"embeddable":true,"href":"https:\/\/aipe78114.org\/index.php?rest_route=%2Fwp%2Fv2%2Fcomments&post=2840"}],"version-history":[{"count":33,"href":"https:\/\/aipe78114.org\/index.php?rest_route=\/wp\/v2\/pages\/2840\/revisions"}],"predecessor-version":[{"id":3157,"href":"https:\/\/aipe78114.org\/index.php?rest_route=\/wp\/v2\/pages\/2840\/revisions\/3157"}],"up":[{"embeddable":true,"href":"https:\/\/aipe78114.org\/index.php?rest_route=\/wp\/v2\/pages\/2648"}],"wp:attachment":[{"href":"https:\/\/aipe78114.org\/index.php?rest_route=%2Fwp%2Fv2%2Fmedia&parent=2840"}],"curies":[{"name":"wp","href":"https:\/\/api.w.org\/{rel}","templated":true}]}}