{"id":2848,"date":"2024-07-18T15:18:44","date_gmt":"2024-07-18T13:18:44","guid":{"rendered":"http:\/\/aipe78114.org\/?page_id=2848"},"modified":"2025-07-07T11:37:43","modified_gmt":"2025-07-07T09:37:43","slug":"pourquoi-adherer","status":"publish","type":"page","link":"https:\/\/aipe78114.org\/?page_id=2848","title":{"rendered":"Pourquoi adh\u00e9rer ?"},"content":{"rendered":"\n<div class=\"wp-block-group alignfull has-contrast-color has-text-color has-background has-link-color wp-elements-1d63870555c4f10ce591c11c53276e0f has-global-padding is-layout-constrained wp-container-core-group-is-layout-d89aad35 wp-block-group-is-layout-constrained\" style=\"background:linear-gradient(180deg,rgb(55,198,210) 0%,rgb(255,255,255) 100%);margin-top:0;margin-bottom:0;padding-top:var(--wp--preset--spacing--50);padding-right:var(--wp--preset--spacing--50);padding-bottom:var(--wp--preset--spacing--50);padding-left:var(--wp--preset--spacing--50)\">\n<div class=\"wp-block-columns alignwide is-layout-flex wp-container-core-columns-is-layout-1da03c2a wp-block-columns-is-layout-flex\">\n<div class=\"wp-block-column is-vertically-aligned-center is-layout-flow wp-block-column-is-layout-flow\" style=\"flex-basis:60%\">\n<figure class=\"wp-block-image size-full is-style-rounded wp-duotone-duotone-1 is-style-rounded--1\"><img loading=\"lazy\" decoding=\"async\" width=\"1747\" height=\"1240\" src=\"http:\/\/aipe78114.org\/wp-content\/uploads\/2021\/05\/AIPE-super-heI\u0081ros.jpeg\" alt=\"\" class=\"wp-image-1997\" style=\"aspect-ratio:4\/3;object-fit:cover\" srcset=\"https:\/\/aipe78114.org\/wp-content\/uploads\/2021\/05\/AIPE-super-heI\u0081ros.jpeg 1747w, https:\/\/aipe78114.org\/wp-content\/uploads\/2021\/05\/AIPE-super-heI\u0081ros-300x213.jpeg 300w, https:\/\/aipe78114.org\/wp-content\/uploads\/2021\/05\/AIPE-super-heI\u0081ros-1024x727.jpeg 1024w, https:\/\/aipe78114.org\/wp-content\/uploads\/2021\/05\/AIPE-super-heI\u0081ros-768x545.jpeg 768w, https:\/\/aipe78114.org\/wp-content\/uploads\/2021\/05\/AIPE-super-heI\u0081ros-1536x1090.jpeg 1536w\" sizes=\"auto, (max-width: 1747px) 100vw, 1747px\" \/><\/figure>\n<\/div>\n\n\n\n<div class=\"wp-block-column is-layout-flow wp-block-column-is-layout-flow\" style=\"flex-basis:40%\">\n<h3 class=\"wp-block-heading has-text-align-left has-base-2-color has-text-color has-link-color wp-elements-5b74ea8099539f2dc57363aa540726c6\"><strong>POURQUOI ADHERER ?<\/strong><\/h3>\n\n\n\n<div style=\"height:10px\" aria-hidden=\"true\" class=\"wp-block-spacer\"><\/div>\n\n\n\n<p>Parce que c\u2019est ensemble que nous pourrons changer l\u2019\u00e9cole ! Adh\u00e9rer \u00e0 l&rsquo;AIPE de Magny-les-Hameaux, c\u2019est avant tout se regrouper pour faire respecter le droit des \u00e9l\u00e8ves : temps de travail adapt\u00e9, conditions d\u2019apprentissage de qualit\u00e9, orientation choisie\u2026<\/p>\n\n\n\n<p>Ainsi, gr\u00e2ce \u00e0 ces combats du quotidien, les parents participent collectivement \u00e0 la d\u00e9fense de l\u2019\u00e9cole publique, la\u00efque et gratuite pour tous.<\/p>\n\n\n\n<div style=\"height:10px\" aria-hidden=\"true\" class=\"wp-block-spacer\"><\/div>\n\n\n\n<div class=\"wp-block-buttons is-content-justification-center is-layout-flex wp-container-core-buttons-is-layout-a89b3969 wp-block-buttons-is-layout-flex\">\n<div class=\"wp-block-button has-custom-width wp-block-button__width-100 is-style-fill\"><a class=\"wp-block-button__link has-base-2-background-color has-text-color has-background has-link-color has-medium-font-size has-custom-font-size wp-element-button\" href=\"https:\/\/www.helloasso.com\/associations\/aipe-magny-les-hameaux\/adhesions\/adhesion-aipe-2025-2026\" style=\"color:#37c6d2\"><strong>JE REJOINS L&rsquo;AIPE<\/strong><\/a><\/div>\n<\/div>\n<\/div>\n<\/div>\n<\/div>\n\n\n\n<div class=\"wp-block-group alignfull has-contrast-color has-text-color has-background has-link-color wp-elements-45338b6f25d47ade1ff20d9de94c7984 has-global-padding is-layout-constrained wp-container-core-group-is-layout-d89aad35 wp-block-group-is-layout-constrained\" style=\"background:linear-gradient(180deg,rgb(255,255,255) 0%,rgb(55,198,210) 100%);margin-top:0;margin-bottom:0;padding-top:var(--wp--preset--spacing--50);padding-right:var(--wp--preset--spacing--50);padding-bottom:var(--wp--preset--spacing--50);padding-left:var(--wp--preset--spacing--50)\">\n<div class=\"wp-block-columns alignwide is-layout-flex wp-container-core-columns-is-layout-1da03c2a wp-block-columns-is-layout-flex\">\n<div class=\"wp-block-column is-vertically-aligned-center is-layout-flow wp-block-column-is-layout-flow\" style=\"flex-basis:60%\">\n<figure class=\"wp-block-image size-full is-resized is-style-rounded is-style-rounded--2\"><img loading=\"lazy\" decoding=\"async\" width=\"1587\" height=\"2245\" src=\"https:\/\/aipe78114.org\/wp-content\/uploads\/2024\/08\/1.png\" alt=\"\" class=\"wp-image-3006\" style=\"width:601px;height:auto\" srcset=\"https:\/\/aipe78114.org\/wp-content\/uploads\/2024\/08\/1.png 1587w, https:\/\/aipe78114.org\/wp-content\/uploads\/2024\/08\/1-212x300.png 212w, https:\/\/aipe78114.org\/wp-content\/uploads\/2024\/08\/1-724x1024.png 724w, https:\/\/aipe78114.org\/wp-content\/uploads\/2024\/08\/1-768x1086.png 768w, https:\/\/aipe78114.org\/wp-content\/uploads\/2024\/08\/1-1086x1536.png 1086w, https:\/\/aipe78114.org\/wp-content\/uploads\/2024\/08\/1-1448x2048.png 1448w\" sizes=\"auto, (max-width: 1587px) 100vw, 1587px\" \/><\/figure>\n<\/div>\n\n\n\n<div class=\"wp-block-column is-layout-flow wp-block-column-is-layout-flow\" style=\"flex-basis:40%\">\n<figure class=\"wp-block-image size-full is-resized is-style-rounded is-style-rounded--3\"><img loading=\"lazy\" decoding=\"async\" width=\"1587\" height=\"2245\" src=\"https:\/\/aipe78114.org\/wp-content\/uploads\/2024\/08\/2-1.png\" alt=\"\" class=\"wp-image-3009\" style=\"width:602px;height:auto\" srcset=\"https:\/\/aipe78114.org\/wp-content\/uploads\/2024\/08\/2-1.png 1587w, https:\/\/aipe78114.org\/wp-content\/uploads\/2024\/08\/2-1-212x300.png 212w, https:\/\/aipe78114.org\/wp-content\/uploads\/2024\/08\/2-1-724x1024.png 724w, https:\/\/aipe78114.org\/wp-content\/uploads\/2024\/08\/2-1-768x1086.png 768w, https:\/\/aipe78114.org\/wp-content\/uploads\/2024\/08\/2-1-1086x1536.png 1086w, https:\/\/aipe78114.org\/wp-content\/uploads\/2024\/08\/2-1-1448x2048.png 1448w\" sizes=\"auto, (max-width: 1587px) 100vw, 1587px\" \/><\/figure>\n<\/div>\n<\/div>\n<\/div>\n","protected":false},"excerpt":{"rendered":"<p>POURQUOI ADHERER ? Parce que c\u2019est ensemble que nous pourrons changer l\u2019\u00e9cole ! Adh\u00e9rer \u00e0 l&rsquo;AIPE de Magny-les-Hameaux, c\u2019est avant tout se regrouper pour faire respecter le droit des \u00e9l\u00e8ves : temps de travail adapt\u00e9, conditions d\u2019apprentissage de qualit\u00e9, orientation choisie\u2026 Ainsi, gr\u00e2ce \u00e0 ces combats du quotidien, les parents participent collectivement \u00e0 la d\u00e9fense [&hellip;]<\/p>\n","protected":false},"author":1,"featured_media":0,"parent":2769,"menu_order":0,"comment_status":"closed","ping_status":"closed","template":"","meta":{"footnotes":""},"class_list":["post-2848","page","type-page","status-publish","hentry"],"_links":{"self":[{"href":"https:\/\/aipe78114.org\/index.php?rest_route=\/wp\/v2\/pages\/2848","targetHints":{"allow":["GET"]}}],"collection":[{"href":"https:\/\/aipe78114.org\/index.php?rest_route=\/wp\/v2\/pages"}],"about":[{"href":"https:\/\/aipe78114.org\/index.php?rest_route=\/wp\/v2\/types\/page"}],"author":[{"embeddable":true,"href":"https:\/\/aipe78114.org\/index.php?rest_route=\/wp\/v2\/users\/1"}],"replies":[{"embeddable":true,"href":"https:\/\/aipe78114.org\/index.php?rest_route=%2Fwp%2Fv2%2Fcomments&post=2848"}],"version-history":[{"count":25,"href":"https:\/\/aipe78114.org\/index.php?rest_route=\/wp\/v2\/pages\/2848\/revisions"}],"predecessor-version":[{"id":3158,"href":"https:\/\/aipe78114.org\/index.php?rest_route=\/wp\/v2\/pages\/2848\/revisions\/3158"}],"up":[{"embeddable":true,"href":"https:\/\/aipe78114.org\/index.php?rest_route=\/wp\/v2\/pages\/2769"}],"wp:attachment":[{"href":"https:\/\/aipe78114.org\/index.php?rest_route=%2Fwp%2Fv2%2Fmedia&parent=2848"}],"curies":[{"name":"wp","href":"https:\/\/api.w.org\/{rel}","templated":true}]}}