{"id":936,"date":"2017-09-16T09:42:31","date_gmt":"2017-09-16T07:42:31","guid":{"rendered":"http:\/\/www.aipe78114.org\/?page_id=936"},"modified":"2024-07-25T22:56:36","modified_gmt":"2024-07-25T20:56:36","slug":"qui-sommes-nous","status":"publish","type":"page","link":"https:\/\/aipe78114.org\/?page_id=936","title":{"rendered":"Qui sommes-nous?"},"content":{"rendered":"\n<div class=\"wp-block-group alignfull has-background has-global-padding is-layout-constrained wp-container-core-group-is-layout-d89aad35 wp-block-group-is-layout-constrained\" style=\"background:linear-gradient(180deg,rgb(9,44,140) 0%,rgb(255,255,255) 100%);margin-top:0;margin-bottom:0;padding-top:var(--wp--preset--spacing--50);padding-right:var(--wp--preset--spacing--50);padding-bottom:var(--wp--preset--spacing--50);padding-left:var(--wp--preset--spacing--50)\">\n<div class=\"wp-block-columns alignwide is-layout-flex wp-container-core-columns-is-layout-1da03c2a wp-block-columns-is-layout-flex\">\n<div class=\"wp-block-column is-layout-flow wp-block-column-is-layout-flow\" style=\"flex-basis:40%\">\n<h3 class=\"wp-block-heading has-text-align-left has-base-color has-text-color has-link-color wp-elements-22fecfe73b5477ad8603075b9530a730\"><strong>QUI SOMMES-NOUS ?<\/strong><\/h3>\n\n\n\n<div style=\"height:10px\" aria-hidden=\"true\" class=\"wp-block-spacer\"><\/div>\n\n\n\n<p class=\"has-base-color has-text-color has-link-color wp-elements-f37b431b3d4d216bf00c7bbab5776344\">L&rsquo; Association Ind\u00e9pendante de Parents d&rsquo;El\u00e8ves de Magny-les-Hameaux est une association loi 1901, locale et pr\u00e9sente dans tous les \u00e9tablissements de la ville. <\/p>\n\n\n\n<p class=\"has-base-color has-text-color has-link-color wp-elements-96df53cb2e1f9e16b17708d01e1e4724\">Ce n\u2019est ni un syndicat, ni un parti politique mais un vaste r\u00e9seau de parents d\u2019\u00e9l\u00e8ves adh\u00e9rents et \u00e9lus dans les \u00e9coles maternelles, \u00e9l\u00e9mentaires et le coll\u00e8ge de l\u2019enseignement public de la ville. <\/p>\n\n\n\n<p class=\"has-base-color has-text-color has-link-color wp-elements-968c4c51402b69231ec15504d6091e01\">L&rsquo; AIPE de Magny-les-Hameaux participe \u00e0 la vie scolaire pour d\u00e9fendre l&rsquo;int\u00e9r\u00eat des enfants et repr\u00e9senter les parents aupr\u00e8s des institutions et des pouvoirs publics. <\/p>\n\n\n\n<p><strong>Elle a pour objet :<\/strong><\/p>\n\n\n\n<ol class=\"wp-block-list\">\n<li>de regrouper les parents d&rsquo;\u00e9l\u00e8ves des \u00e9tablissements scolaires de Magny-les-Hameaux soucieux de l&rsquo;avenir de leurs enfants,<\/li>\n\n\n\n<li>d&rsquo;\u00eatre un lien entre les enseignants, les parents et les \u00e9lus, en participant activement \u00e0 la vie des \u00e9tablissements scolaires, et en assistant aux diff\u00e9rents conseils,<\/li>\n\n\n\n<li>de r\u00e9fl\u00e9chir aux am\u00e9liorations susceptibles d&rsquo;\u00eatre apport\u00e9es \u00e0 la vie scolaire de nos enfants,<\/li>\n\n\n\n<li>de pr\u00e9senter des propositions concr\u00e8tes aux probl\u00e8mes rencontr\u00e9s.<\/li>\n<\/ol>\n<\/div>\n\n\n\n<div class=\"wp-block-column is-vertically-aligned-center is-layout-flow wp-block-column-is-layout-flow\" style=\"flex-basis:60%\">\n<figure class=\"wp-block-image size-full is-style-rounded is-style-rounded--1\"><img loading=\"lazy\" decoding=\"async\" width=\"585\" height=\"586\" src=\"http:\/\/aipe78114.org\/wp-content\/uploads\/2024\/07\/new_logo.png\" alt=\"\" class=\"wp-image-3002\" srcset=\"https:\/\/aipe78114.org\/wp-content\/uploads\/2024\/07\/new_logo.png 585w, https:\/\/aipe78114.org\/wp-content\/uploads\/2024\/07\/new_logo-300x300.png 300w, https:\/\/aipe78114.org\/wp-content\/uploads\/2024\/07\/new_logo-150x150.png 150w\" sizes=\"auto, (max-width: 585px) 100vw, 585px\" \/><\/figure>\n<\/div>\n<\/div>\n<\/div>\n","protected":false},"excerpt":{"rendered":"<p>QUI SOMMES-NOUS ? L&rsquo; Association Ind\u00e9pendante de Parents d&rsquo;El\u00e8ves de Magny-les-Hameaux est une association loi 1901, locale et pr\u00e9sente dans tous les \u00e9tablissements de la ville. Ce n\u2019est ni un syndicat, ni un parti politique mais un vaste r\u00e9seau de parents d\u2019\u00e9l\u00e8ves adh\u00e9rents et \u00e9lus dans les \u00e9coles maternelles, \u00e9l\u00e9mentaires et le coll\u00e8ge de l\u2019enseignement [&hellip;]<\/p>\n","protected":false},"author":2,"featured_media":0,"parent":2767,"menu_order":0,"comment_status":"closed","ping_status":"open","template":"","meta":{"footnotes":""},"class_list":["post-936","page","type-page","status-publish","hentry"],"_links":{"self":[{"href":"https:\/\/aipe78114.org\/index.php?rest_route=\/wp\/v2\/pages\/936","targetHints":{"allow":["GET"]}}],"collection":[{"href":"https:\/\/aipe78114.org\/index.php?rest_route=\/wp\/v2\/pages"}],"about":[{"href":"https:\/\/aipe78114.org\/index.php?rest_route=\/wp\/v2\/types\/page"}],"author":[{"embeddable":true,"href":"https:\/\/aipe78114.org\/index.php?rest_route=\/wp\/v2\/users\/2"}],"replies":[{"embeddable":true,"href":"https:\/\/aipe78114.org\/index.php?rest_route=%2Fwp%2Fv2%2Fcomments&post=936"}],"version-history":[{"count":6,"href":"https:\/\/aipe78114.org\/index.php?rest_route=\/wp\/v2\/pages\/936\/revisions"}],"predecessor-version":[{"id":3003,"href":"https:\/\/aipe78114.org\/index.php?rest_route=\/wp\/v2\/pages\/936\/revisions\/3003"}],"up":[{"embeddable":true,"href":"https:\/\/aipe78114.org\/index.php?rest_route=\/wp\/v2\/pages\/2767"}],"wp:attachment":[{"href":"https:\/\/aipe78114.org\/index.php?rest_route=%2Fwp%2Fv2%2Fmedia&parent=936"}],"curies":[{"name":"wp","href":"https:\/\/api.w.org\/{rel}","templated":true}]}}